{"id":488,"date":"2023-11-30T17:01:02","date_gmt":"2023-11-30T16:01:02","guid":{"rendered":"https:\/\/www.life-scan.rs\/kontakt\/"},"modified":"2026-04-10T13:13:33","modified_gmt":"2026-04-10T11:13:33","slug":"kapcsolat","status":"publish","type":"page","link":"https:\/\/www.life-scan.rs\/hu\/kapcsolat\/","title":{"rendered":"Kapcsolat"},"content":{"rendered":"[vc_row type=&#8221;in_container&#8221; full_screen_row_position=&#8221;middle&#8221; column_margin=&#8221;50px&#8221; column_direction=&#8221;default&#8221; column_direction_tablet=&#8221;default&#8221; column_direction_phone=&#8221;default&#8221; scene_position=&#8221;center&#8221; top_padding=&#8221;6%&#8221; constrain_group_1=&#8221;yes&#8221; bottom_padding=&#8221;6%&#8221; text_color=&#8221;dark&#8221; text_align=&#8221;left&#8221; row_border_radius=&#8221;none&#8221; row_border_radius_applies=&#8221;bg&#8221; overflow=&#8221;visible&#8221; overlay_strength=&#8221;0.3&#8243; gradient_direction=&#8221;left_to_right&#8221; shape_divider_position=&#8221;bottom&#8221; bg_image_animation=&#8221;none&#8221; gradient_type=&#8221;default&#8221; shape_type=&#8221;&#8221;][vc_column column_padding=&#8221;no-extra-padding&#8221; column_padding_tablet=&#8221;inherit&#8221; column_padding_phone=&#8221;inherit&#8221; column_padding_position=&#8221;all&#8221; column_element_direction_desktop=&#8221;default&#8221; column_element_spacing=&#8221;default&#8221; desktop_text_alignment=&#8221;default&#8221; tablet_text_alignment=&#8221;default&#8221; phone_text_alignment=&#8221;default&#8221; background_color_opacity=&#8221;1&#8243; background_hover_color_opacity=&#8221;1&#8243; column_backdrop_filter=&#8221;none&#8221; column_shadow=&#8221;none&#8221; column_border_radius=&#8221;none&#8221; column_link_target=&#8221;_self&#8221; column_position=&#8221;default&#8221; gradient_direction=&#8221;left_to_right&#8221; overlay_strength=&#8221;0.3&#8243; width=&#8221;1\/2&#8243; tablet_width_inherit=&#8221;default&#8221; animation_type=&#8221;default&#8221; bg_image_animation=&#8221;none&#8221; border_type=&#8221;simple&#8221; column_border_width=&#8221;none&#8221; column_border_style=&#8221;solid&#8221;][vc_custom_heading text=&#8221;Diagnosztikai k\u00f6zpont<br \/>\nLife Scan&#8221; font_container=&#8221;tag:h1|font_size:1.98vw|text_align:left|line_height:1.2&#8243; use_theme_fonts=&#8221;yes&#8221; css_animation=&#8221;slideInDown&#8221;][vc_column_text text_direction=&#8221;default&#8221;]Az \u00fajvid\u00e9ki Life Scan diagnosztikai k\u00f6zpont mindenf\u00e9le MRI \u00e9s ultrahangvizsg\u00e1latra rendelkez\u00e9sre \u00e1ll. Radiol\u00f3gus szak\u00e9rt\u0151 csapatunk sok\u00e9ves tapasztalattal \u00e9s a leg\u00fajabb Siemens technol\u00f3gi\u00e1val garant\u00e1lja a legmagasabb szint\u0171 diagnosztik\u00e1t \u00e9s a professzion\u00e1lis szolg\u00e1ltat\u00e1st.[\/vc_column_text][vc_column_text text_direction=&#8221;default&#8221;]Vizsg\u00e1lat id\u0151pontj\u00e1nak egyeztet\u00e9s\u00e9hez vagy tov\u00e1bbi inform\u00e1ci\u00f3k\u00e9rt telefonon a <a href=\"tel:+381605050150\">060 50 50 150<\/a>-es sz\u00e1mon, vagy e-mailben a <a href=\"mailto:kontakt@life-scan.rs\">kontakt@life-scan.rs<\/a> c\u00edmen \u00e9rhet el minket. Bar\u00e1ts\u00e1gos csapatunk seg\u00edt kiv\u00e1lasztani az \u00d6nnek legmegfelel\u0151bb vizsg\u00e1latot \u00e9s id\u0151pontot.[\/vc_column_text][vc_column_text text_direction=&#8221;default&#8221;]Stevana Hristi\u0107a 2<br \/>\n21000 Novi Sad<br \/>\nSrbija[\/vc_column_text][vc_column_text text_direction=&#8221;default&#8221;]Telefon: <a href=\"tel:+381213828383\">021 382 83 83<\/a><br \/>\nMobil: <a href=\"tel:+381605050150\">060 50 50 150<\/a>[\/vc_column_text][vc_column_text text_direction=&#8221;default&#8221;]E-mail:<a href=\"mailto:kontakt@life-scan.rs\">kontakt@life-scan.rs<\/a>[\/vc_column_text][divider line_type=&#8221;No Line&#8221; custom_height=&#8221;40&#8243;][vc_column_text text_direction=&#8221;default&#8221;]\n<h5>Nyitvatart\u00e1s<\/h5>\n<p>H\u00e9tf\u0151 &#8211; p\u00e9ntek: 07:30h \u2013 20:30h<br \/>\nSzombat: 8h \u2013 16h[\/vc_column_text][\/vc_column][vc_column column_padding=&#8221;no-extra-padding&#8221; column_padding_tablet=&#8221;inherit&#8221; column_padding_phone=&#8221;inherit&#8221; column_padding_position=&#8221;all&#8221; column_element_direction_desktop=&#8221;default&#8221; column_element_spacing=&#8221;default&#8221; desktop_text_alignment=&#8221;default&#8221; tablet_text_alignment=&#8221;default&#8221; phone_text_alignment=&#8221;default&#8221; background_color_opacity=&#8221;1&#8243; background_hover_color_opacity=&#8221;1&#8243; column_backdrop_filter=&#8221;none&#8221; column_shadow=&#8221;none&#8221; column_border_radius=&#8221;none&#8221; column_link_target=&#8221;_self&#8221; column_position=&#8221;default&#8221; gradient_direction=&#8221;left_to_right&#8221; overlay_strength=&#8221;0.3&#8243; width=&#8221;1\/2&#8243; tablet_width_inherit=&#8221;default&#8221; animation_type=&#8221;default&#8221; bg_image_animation=&#8221;none&#8221; border_type=&#8221;simple&#8221; column_border_width=&#8221;none&#8221; column_border_style=&#8221;solid&#8221;][vc_column_text]Polja obele\u017eena sa * su obavezna.[\/vc_column_text]\n<div class=\"wpcf7 no-js\" id=\"wpcf7-f7-o1\" lang=\"sr-RS\" dir=\"ltr\" data-wpcf7-id=\"7\">\n<div class=\"screen-reader-response\"><p role=\"status\" aria-live=\"polite\" aria-atomic=\"true\"><\/p> <ul><\/ul><\/div>\n<form action=\"\/hu\/wp-json\/wp\/v2\/pages\/488#wpcf7-f7-o1\" method=\"post\" class=\"wpcf7-form init\" aria-label=\"Contact form\" novalidate=\"novalidate\" data-status=\"init\">\n<fieldset class=\"hidden-fields-container\"><input type=\"hidden\" name=\"_wpcf7\" value=\"7\" \/><input type=\"hidden\" name=\"_wpcf7_version\" value=\"6.1.5\" \/><input type=\"hidden\" name=\"_wpcf7_locale\" value=\"sr_RS\" \/><input type=\"hidden\" name=\"_wpcf7_unit_tag\" value=\"wpcf7-f7-o1\" \/><input type=\"hidden\" name=\"_wpcf7_container_post\" value=\"0\" \/><input type=\"hidden\" name=\"_wpcf7_posted_data_hash\" value=\"\" \/><input type=\"hidden\" name=\"_wpcf7_recaptcha_response\" value=\"\" \/>\n<\/fieldset>\n<div class=\"wpb_row vc_row-fluid vc_row inner_row mrb-form\">\n\t<div class=\"row_col_wrap_12_inner col span_12 left\">\n\t\t<div class=\"vc_col-sm-6 wpb_column column_container vc_column_container col child_column no-extra-padding inherit_tablet inherit_phone\">\n\t\t\t<div class=\"vc_column-inner\">\n\t\t\t\t<div class=\"wpb_wrapper\">\n\t\t\t\t\t<p>Ime*:\n\t\t\t\t\t<\/p>\n\t\t\t\t\t<p><span class=\"wpcf7-form-control-wrap\" data-name=\"ime\"><input size=\"40\" maxlength=\"400\" class=\"wpcf7-form-control wpcf7-text wpcf7-validates-as-required\" id=\"ime\" aria-required=\"true\" aria-invalid=\"false\" value=\"\" type=\"text\" name=\"ime\" \/><\/span>\n\t\t\t\t\t<\/p>\n\t\t\t\t<\/div>\n\t\t\t<\/div>\n\t\t<\/div>\n\t\t<div class=\"vc_col-sm-6 wpb_column column_container vc_column_container col child_column no-extra-padding inherit_tablet inherit_phone\">\n\t\t\t<div class=\"vc_column-inner\">\n\t\t\t\t<div class=\"wpb_wrapper\">\n\t\t\t\t\t<p>Prezime*:\n\t\t\t\t\t<\/p>\n\t\t\t\t\t<p><span class=\"wpcf7-form-control-wrap\" data-name=\"prezime\"><input size=\"40\" maxlength=\"400\" class=\"wpcf7-form-control wpcf7-text wpcf7-validates-as-required\" id=\"prezime\" aria-required=\"true\" aria-invalid=\"false\" value=\"\" type=\"text\" name=\"prezime\" \/><\/span>\n\t\t\t\t\t<\/p>\n\t\t\t\t<\/div>\n\t\t\t<\/div>\n\t\t<\/div>\n\t<\/div>\n<\/div>\n<p>E-mail*:\n<\/p>\n<p><span class=\"wpcf7-form-control-wrap\" data-name=\"email\"><input size=\"40\" maxlength=\"400\" class=\"wpcf7-form-control wpcf7-email wpcf7-validates-as-required wpcf7-text wpcf7-validates-as-email\" id=\"email\" aria-required=\"true\" aria-invalid=\"false\" value=\"\" type=\"email\" name=\"email\" \/><\/span>\n<\/p>\n<p>Poruka:\n<\/p>\n<p><span class=\"wpcf7-form-control-wrap\" data-name=\"poruka\"><textarea cols=\"40\" rows=\"2\" maxlength=\"2000\" class=\"wpcf7-form-control wpcf7-textarea\" aria-invalid=\"false\" name=\"poruka\"><\/textarea><\/span>\n<\/p>\n<p><input class=\"wpcf7-form-control wpcf7-submit has-spinner\" type=\"submit\" value=\"Po\u0161alji\" \/>\n<\/p><div class=\"wpcf7-response-output\" aria-hidden=\"true\"><\/div>\n<\/form>\n<\/div>\n[\/vc_column][\/vc_row][vc_row type=&#8221;full_width_content&#8221; full_screen_row_position=&#8221;middle&#8221; column_margin=&#8221;none&#8221; column_direction=&#8221;default&#8221; column_direction_tablet=&#8221;default&#8221; column_direction_phone=&#8221;default&#8221; scene_position=&#8221;center&#8221; top_padding=&#8221;0&#8243; constrain_group_1=&#8221;yes&#8221; bottom_padding=&#8221;0&#8243; left_padding_desktop=&#8221;0&#8243; constrain_group_2=&#8221;yes&#8221; right_padding_desktop=&#8221;0&#8243; text_color=&#8221;dark&#8221; text_align=&#8221;left&#8221; row_border_radius=&#8221;none&#8221; row_border_radius_applies=&#8221;bg&#8221; overflow=&#8221;visible&#8221; overlay_strength=&#8221;0.3&#8243; gradient_direction=&#8221;left_to_right&#8221; shape_divider_position=&#8221;bottom&#8221; bg_image_animation=&#8221;none&#8221; gradient_type=&#8221;default&#8221; shape_type=&#8221;&#8221;][vc_column column_padding=&#8221;no-extra-padding&#8221; column_padding_tablet=&#8221;inherit&#8221; column_padding_phone=&#8221;inherit&#8221; column_padding_position=&#8221;all&#8221; column_element_direction_desktop=&#8221;default&#8221; column_element_spacing=&#8221;default&#8221; desktop_text_alignment=&#8221;default&#8221; tablet_text_alignment=&#8221;default&#8221; phone_text_alignment=&#8221;default&#8221; background_color_opacity=&#8221;1&#8243; background_hover_color_opacity=&#8221;1&#8243; column_backdrop_filter=&#8221;none&#8221; column_shadow=&#8221;none&#8221; column_border_radius=&#8221;none&#8221; column_link_target=&#8221;_self&#8221; column_position=&#8221;default&#8221; gradient_direction=&#8221;left_to_right&#8221; overlay_strength=&#8221;0.3&#8243; width=&#8221;1\/1&#8243; tablet_width_inherit=&#8221;default&#8221; animation_type=&#8221;default&#8221; bg_image_animation=&#8221;none&#8221; border_type=&#8221;simple&#8221; column_border_width=&#8221;none&#8221; column_border_style=&#8221;solid&#8221;][vc_raw_html]JTNDaWZyYW1lJTIwc3JjJTNEJTIyaHR0cHMlM0ElMkYlMkZ3d3cuZ29vZ2xlLmNvbSUyRm1hcHMlMkZlbWJlZCUzRnBiJTNEJTIxMW0xOCUyMTFtMTIlMjExbTMlMjExZDI4MDguOTg3NjQ3ODAxNTc2MyUyMTJkMTkuODAxODIxMjc2NjcyMDY1JTIxM2Q0NS4yNDgwNDI1NDc4MzQ1NyUyMTJtMyUyMTFmMCUyMTJmMCUyMTNmMCUyMTNtMiUyMTFpMTAyNCUyMTJpNzY4JTIxNGYxMy4xJTIxM20zJTIxMW0yJTIxMXMweDQ3NWIxMWIwM2U4YTYwODMlMjUzQTB4M2Q0ZTA4NjdiNGUxNWM2NyUyMTJzTGlmZVNjYW4lMjUyMG9yZGluYWNpamElMjUyMHphJTI1MjBkaWphZ25vc3Rpa3UlMjE1ZTAlMjEzbTIlMjExc2VuJTIxMnNycyUyMTR2MTcwMTA5NzM1OTY3OSUyMTVtMiUyMTFzZW4lMjEyc3JzJTIyJTIwd2lkdGglM0QlMjIxMDAlMjUlMjIlMjBoZWlnaHQlM0QlMjI0NTAlMjIlMjBzdHlsZSUzRCUyMmJvcmRlciUzQTAlM0IlMjIlMjBhbGxvd2Z1bGxzY3JlZW4lM0QlMjIlMjIlMjBsb2FkaW5nJTNEJTIybGF6eSUyMiUyMHJlZmVycmVycG9saWN5JTNEJTIybm8tcmVmZXJyZXItd2hlbi1kb3duZ3JhZGUlMjIlM0UlM0MlMkZpZnJhbWUlM0U=[\/vc_raw_html][\/vc_column][\/vc_row]\n","protected":false},"excerpt":{"rendered":"<p>[vc_row type=&#8221;in_container&#8221; full_screen_row_position=&#8221;middle&#8221; column_margin=&#8221;50px&#8221; column_direction=&#8221;default&#8221; column_direction_tablet=&#8221;default&#8221; column_direction_phone=&#8221;default&#8221; scene_position=&#8221;center&#8221; top_padding=&#8221;6%&#8221; constrain_group_1=&#8221;yes&#8221; bottom_padding=&#8221;6%&#8221; text_color=&#8221;dark&#8221; text_align=&#8221;left&#8221; row_border_radius=&#8221;none&#8221; row_border_radius_applies=&#8221;bg&#8221; overflow=&#8221;visible&#8221; overlay_strength=&#8221;0.3&#8243; gradient_direction=&#8221;left_to_right&#8221; shape_divider_position=&#8221;bottom&#8221; bg_image_animation=&#8221;none&#8221; gradient_type=&#8221;default&#8221; shape_type=&#8221;&#8221;][vc_column column_padding=&#8221;no-extra-padding&#8221; column_padding_tablet=&#8221;inherit&#8221; column_padding_phone=&#8221;inherit&#8221; column_padding_position=&#8221;all&#8221; column_element_direction_desktop=&#8221;default&#8221; column_element_spacing=&#8221;default&#8221; desktop_text_alignment=&#8221;default&#8221; tablet_text_alignment=&#8221;default&#8221;&#8230;<\/p>\n","protected":false},"author":1,"featured_media":0,"parent":0,"menu_order":0,"comment_status":"closed","ping_status":"closed","template":"","meta":{"footnotes":""},"class_list":["post-488","page","type-page","status-publish"],"yoast_head":"<!-- This site is optimized with the Yoast SEO plugin v27.4 - https:\/\/yoast.com\/product\/yoast-seo-wordpress\/ -->\n<title>Kapcsolat - LifeScan - Dijagnosti\u010dki centar<\/title>\n<meta name=\"description\" content=\"L\u00e9pjen kapcsolatba a LifeScan-nel szolg\u00e1ltat\u00e1sainkr\u00f3l. H\u00edvjon minket vagy t\u00f6ltse ki az \u0171rlapot a weboldalon \u2013 gyors v\u00e1laszt adunk.\" \/>\n<meta name=\"robots\" content=\"index, follow, max-snippet:-1, max-image-preview:large, max-video-preview:-1\" \/>\n<link rel=\"canonical\" href=\"https:\/\/www.life-scan.rs\/hu\/kapcsolat\/\" \/>\n<meta property=\"og:locale\" content=\"hu_HU\" \/>\n<meta property=\"og:type\" content=\"article\" \/>\n<meta property=\"og:title\" content=\"Kapcsolat - LifeScan - Dijagnosti\u010dki centar\" \/>\n<meta property=\"og:description\" content=\"L\u00e9pjen kapcsolatba a LifeScan-nel szolg\u00e1ltat\u00e1sainkr\u00f3l. H\u00edvjon minket vagy t\u00f6ltse ki az \u0171rlapot a weboldalon \u2013 gyors v\u00e1laszt adunk.\" \/>\n<meta property=\"og:url\" content=\"https:\/\/www.life-scan.rs\/hu\/kapcsolat\/\" \/>\n<meta property=\"og:site_name\" content=\"LifeScan - Dijagnosti\u010dki centar\" \/>\n<meta property=\"article:modified_time\" content=\"2026-04-10T11:13:33+00:00\" \/>\n<meta name=\"twitter:card\" content=\"summary_large_image\" \/>\n<meta name=\"twitter:label1\" content=\"Becs\u00fclt olvas\u00e1si id\u0151\" \/>\n\t<meta name=\"twitter:data1\" content=\"2 perc\" \/>\n<script type=\"application\/ld+json\" class=\"yoast-schema-graph\">{\"@context\":\"https:\\\/\\\/schema.org\",\"@graph\":[{\"@type\":[\"WebPage\",\"ContactPage\"],\"@id\":\"https:\\\/\\\/www.life-scan.rs\\\/hu\\\/kapcsolat\\\/\",\"url\":\"https:\\\/\\\/www.life-scan.rs\\\/hu\\\/kapcsolat\\\/\",\"name\":\"Kapcsolat - LifeScan - Dijagnosti\u010dki centar\",\"isPartOf\":{\"@id\":\"https:\\\/\\\/www.life-scan.rs\\\/hu\\\/#website\"},\"datePublished\":\"2023-11-30T16:01:02+00:00\",\"dateModified\":\"2026-04-10T11:13:33+00:00\",\"description\":\"L\u00e9pjen kapcsolatba a LifeScan-nel szolg\u00e1ltat\u00e1sainkr\u00f3l. H\u00edvjon minket vagy t\u00f6ltse ki az \u0171rlapot a weboldalon \u2013 gyors v\u00e1laszt adunk.\",\"breadcrumb\":{\"@id\":\"https:\\\/\\\/www.life-scan.rs\\\/hu\\\/kapcsolat\\\/#breadcrumb\"},\"inLanguage\":\"hu\",\"potentialAction\":[{\"@type\":\"ReadAction\",\"target\":[\"https:\\\/\\\/www.life-scan.rs\\\/hu\\\/kapcsolat\\\/\"]}]},{\"@type\":\"BreadcrumbList\",\"@id\":\"https:\\\/\\\/www.life-scan.rs\\\/hu\\\/kapcsolat\\\/#breadcrumb\",\"itemListElement\":[{\"@type\":\"ListItem\",\"position\":1,\"name\":\"Po\u010detna\",\"item\":\"https:\\\/\\\/www.life-scan.rs\\\/hu\\\/\"},{\"@type\":\"ListItem\",\"position\":2,\"name\":\"Kapcsolat\"}]},{\"@type\":\"WebSite\",\"@id\":\"https:\\\/\\\/www.life-scan.rs\\\/hu\\\/#website\",\"url\":\"https:\\\/\\\/www.life-scan.rs\\\/hu\\\/\",\"name\":\"LifeScan - Dijagnosti\u010dki centar\",\"description\":\"Ordinacija za magnetnu rezonancu i ultrazvuk\",\"publisher\":{\"@id\":\"https:\\\/\\\/www.life-scan.rs\\\/hu\\\/#organization\"},\"potentialAction\":[{\"@type\":\"SearchAction\",\"target\":{\"@type\":\"EntryPoint\",\"urlTemplate\":\"https:\\\/\\\/www.life-scan.rs\\\/hu\\\/?s={search_term_string}\"},\"query-input\":{\"@type\":\"PropertyValueSpecification\",\"valueRequired\":true,\"valueName\":\"search_term_string\"}}],\"inLanguage\":\"hu\"},{\"@type\":\"Organization\",\"@id\":\"https:\\\/\\\/www.life-scan.rs\\\/hu\\\/#organization\",\"name\":\"LifeScan - Dijagnosti\u010dki centar\",\"url\":\"https:\\\/\\\/www.life-scan.rs\\\/hu\\\/\",\"logo\":{\"@type\":\"ImageObject\",\"inLanguage\":\"hu\",\"@id\":\"https:\\\/\\\/www.life-scan.rs\\\/hu\\\/#\\\/schema\\\/logo\\\/image\\\/\",\"url\":\"https:\\\/\\\/www.life-scan.rs\\\/wp-content\\\/uploads\\\/2023\\\/11\\\/logo.svg\",\"contentUrl\":\"https:\\\/\\\/www.life-scan.rs\\\/wp-content\\\/uploads\\\/2023\\\/11\\\/logo.svg\",\"width\":202,\"height\":60,\"caption\":\"LifeScan - Dijagnosti\u010dki centar\"},\"image\":{\"@id\":\"https:\\\/\\\/www.life-scan.rs\\\/hu\\\/#\\\/schema\\\/logo\\\/image\\\/\"},\"sameAs\":[\"https:\\\/\\\/www.linkedin.com\\\/company\\\/99949005\\\/admin\\\/feed\\\/posts\\\/\",\"https:\\\/\\\/www.instagram.com\\\/lifescan.rs\\\/\"]}]}<\/script>\n<!-- \/ Yoast SEO plugin. -->","yoast_head_json":{"title":"Kapcsolat - LifeScan - Dijagnosti\u010dki centar","description":"L\u00e9pjen kapcsolatba a LifeScan-nel szolg\u00e1ltat\u00e1sainkr\u00f3l. H\u00edvjon minket vagy t\u00f6ltse ki az \u0171rlapot a weboldalon \u2013 gyors v\u00e1laszt adunk.","robots":{"index":"index","follow":"follow","max-snippet":"max-snippet:-1","max-image-preview":"max-image-preview:large","max-video-preview":"max-video-preview:-1"},"canonical":"https:\/\/www.life-scan.rs\/hu\/kapcsolat\/","og_locale":"hu_HU","og_type":"article","og_title":"Kapcsolat - LifeScan - Dijagnosti\u010dki centar","og_description":"L\u00e9pjen kapcsolatba a LifeScan-nel szolg\u00e1ltat\u00e1sainkr\u00f3l. H\u00edvjon minket vagy t\u00f6ltse ki az \u0171rlapot a weboldalon \u2013 gyors v\u00e1laszt adunk.","og_url":"https:\/\/www.life-scan.rs\/hu\/kapcsolat\/","og_site_name":"LifeScan - Dijagnosti\u010dki centar","article_modified_time":"2026-04-10T11:13:33+00:00","twitter_card":"summary_large_image","twitter_misc":{"Becs\u00fclt olvas\u00e1si id\u0151":"2 perc"},"schema":{"@context":"https:\/\/schema.org","@graph":[{"@type":["WebPage","ContactPage"],"@id":"https:\/\/www.life-scan.rs\/hu\/kapcsolat\/","url":"https:\/\/www.life-scan.rs\/hu\/kapcsolat\/","name":"Kapcsolat - LifeScan - Dijagnosti\u010dki centar","isPartOf":{"@id":"https:\/\/www.life-scan.rs\/hu\/#website"},"datePublished":"2023-11-30T16:01:02+00:00","dateModified":"2026-04-10T11:13:33+00:00","description":"L\u00e9pjen kapcsolatba a LifeScan-nel szolg\u00e1ltat\u00e1sainkr\u00f3l. H\u00edvjon minket vagy t\u00f6ltse ki az \u0171rlapot a weboldalon \u2013 gyors v\u00e1laszt adunk.","breadcrumb":{"@id":"https:\/\/www.life-scan.rs\/hu\/kapcsolat\/#breadcrumb"},"inLanguage":"hu","potentialAction":[{"@type":"ReadAction","target":["https:\/\/www.life-scan.rs\/hu\/kapcsolat\/"]}]},{"@type":"BreadcrumbList","@id":"https:\/\/www.life-scan.rs\/hu\/kapcsolat\/#breadcrumb","itemListElement":[{"@type":"ListItem","position":1,"name":"Po\u010detna","item":"https:\/\/www.life-scan.rs\/hu\/"},{"@type":"ListItem","position":2,"name":"Kapcsolat"}]},{"@type":"WebSite","@id":"https:\/\/www.life-scan.rs\/hu\/#website","url":"https:\/\/www.life-scan.rs\/hu\/","name":"LifeScan - Dijagnosti\u010dki centar","description":"Ordinacija za magnetnu rezonancu i ultrazvuk","publisher":{"@id":"https:\/\/www.life-scan.rs\/hu\/#organization"},"potentialAction":[{"@type":"SearchAction","target":{"@type":"EntryPoint","urlTemplate":"https:\/\/www.life-scan.rs\/hu\/?s={search_term_string}"},"query-input":{"@type":"PropertyValueSpecification","valueRequired":true,"valueName":"search_term_string"}}],"inLanguage":"hu"},{"@type":"Organization","@id":"https:\/\/www.life-scan.rs\/hu\/#organization","name":"LifeScan - Dijagnosti\u010dki centar","url":"https:\/\/www.life-scan.rs\/hu\/","logo":{"@type":"ImageObject","inLanguage":"hu","@id":"https:\/\/www.life-scan.rs\/hu\/#\/schema\/logo\/image\/","url":"https:\/\/www.life-scan.rs\/wp-content\/uploads\/2023\/11\/logo.svg","contentUrl":"https:\/\/www.life-scan.rs\/wp-content\/uploads\/2023\/11\/logo.svg","width":202,"height":60,"caption":"LifeScan - Dijagnosti\u010dki centar"},"image":{"@id":"https:\/\/www.life-scan.rs\/hu\/#\/schema\/logo\/image\/"},"sameAs":["https:\/\/www.linkedin.com\/company\/99949005\/admin\/feed\/posts\/","https:\/\/www.instagram.com\/lifescan.rs\/"]}]}},"_links":{"self":[{"href":"https:\/\/www.life-scan.rs\/hu\/wp-json\/wp\/v2\/pages\/488","targetHints":{"allow":["GET"]}}],"collection":[{"href":"https:\/\/www.life-scan.rs\/hu\/wp-json\/wp\/v2\/pages"}],"about":[{"href":"https:\/\/www.life-scan.rs\/hu\/wp-json\/wp\/v2\/types\/page"}],"author":[{"embeddable":true,"href":"https:\/\/www.life-scan.rs\/hu\/wp-json\/wp\/v2\/users\/1"}],"replies":[{"embeddable":true,"href":"https:\/\/www.life-scan.rs\/hu\/wp-json\/wp\/v2\/comments?post=488"}],"version-history":[{"count":0,"href":"https:\/\/www.life-scan.rs\/hu\/wp-json\/wp\/v2\/pages\/488\/revisions"}],"wp:attachment":[{"href":"https:\/\/www.life-scan.rs\/hu\/wp-json\/wp\/v2\/media?parent=488"}],"curies":[{"name":"wp","href":"https:\/\/api.w.org\/{rel}","templated":true}]}}